{"id":630,"date":"2025-01-15T09:29:32","date_gmt":"2025-01-15T08:29:32","guid":{"rendered":"https:\/\/m-cr.fr\/?page_id=630"},"modified":"2025-01-17T06:01:07","modified_gmt":"2025-01-17T05:01:07","slug":"mention-legales","status":"publish","type":"page","link":"https:\/\/m-cr.fr\/en\/mention-legales\/","title":{"rendered":"Legal notices"},"content":{"rendered":"<div data-elementor-type=\"wp-page\" data-elementor-id=\"630\" class=\"elementor elementor-630\" data-elementor-settings=\"{&quot;element_pack_global_tooltip_width&quot;:{&quot;unit&quot;:&quot;px&quot;,&quot;size&quot;:&quot;&quot;,&quot;sizes&quot;:[]},&quot;element_pack_global_tooltip_width_tablet&quot;:{&quot;unit&quot;:&quot;px&quot;,&quot;size&quot;:&quot;&quot;,&quot;sizes&quot;:[]},&quot;element_pack_global_tooltip_width_mobile&quot;:{&quot;unit&quot;:&quot;px&quot;,&quot;size&quot;:&quot;&quot;,&quot;sizes&quot;:[]},&quot;element_pack_global_tooltip_padding&quot;:{&quot;unit&quot;:&quot;px&quot;,&quot;top&quot;:&quot;&quot;,&quot;right&quot;:&quot;&quot;,&quot;bottom&quot;:&quot;&quot;,&quot;left&quot;:&quot;&quot;,&quot;isLinked&quot;:true},&quot;element_pack_global_tooltip_padding_tablet&quot;:{&quot;unit&quot;:&quot;px&quot;,&quot;top&quot;:&quot;&quot;,&quot;right&quot;:&quot;&quot;,&quot;bottom&quot;:&quot;&quot;,&quot;left&quot;:&quot;&quot;,&quot;isLinked&quot;:true},&quot;element_pack_global_tooltip_padding_mobile&quot;:{&quot;unit&quot;:&quot;px&quot;,&quot;top&quot;:&quot;&quot;,&quot;right&quot;:&quot;&quot;,&quot;bottom&quot;:&quot;&quot;,&quot;left&quot;:&quot;&quot;,&quot;isLinked&quot;:true},&quot;element_pack_global_tooltip_border_radius&quot;:{&quot;unit&quot;:&quot;px&quot;,&quot;top&quot;:&quot;&quot;,&quot;right&quot;:&quot;&quot;,&quot;bottom&quot;:&quot;&quot;,&quot;left&quot;:&quot;&quot;,&quot;isLinked&quot;:true},&quot;element_pack_global_tooltip_border_radius_tablet&quot;:{&quot;unit&quot;:&quot;px&quot;,&quot;top&quot;:&quot;&quot;,&quot;right&quot;:&quot;&quot;,&quot;bottom&quot;:&quot;&quot;,&quot;left&quot;:&quot;&quot;,&quot;isLinked&quot;:true},&quot;element_pack_global_tooltip_border_radius_mobile&quot;:{&quot;unit&quot;:&quot;px&quot;,&quot;top&quot;:&quot;&quot;,&quot;right&quot;:&quot;&quot;,&quot;bottom&quot;:&quot;&quot;,&quot;left&quot;:&quot;&quot;,&quot;isLinked&quot;:true}}\" data-elementor-post-type=\"page\">\n\t\t\t\t<div class=\"elementor-element elementor-element-c0ae313 e-flex e-con-boxed e-con e-parent\" data-id=\"c0ae313\" data-element_type=\"container\">\n\t\t\t\t\t<div class=\"e-con-inner\">\n\t\t\t\t<div class=\"elementor-element elementor-element-760ad7e elementor-widget elementor-widget-text-editor\" data-id=\"760ad7e\" data-element_type=\"widget\" data-widget_type=\"text-editor.default\">\n\t\t\t\t<div class=\"elementor-widget-container\">\n\t\t\t\t\t\t\t\t\t<h2 data-pm-slice=\"1 1 []\">Mentions L\u00e9gales<\/h2><h3>General information<\/h3><p><strong>Company name :<\/strong> Marbeuf Conseil et Recherche<br \/><strong>Company type :<\/strong>\u00a0SASU Soci\u00e9t\u00e9 par actions simplifi\u00e9e \u00e0 associ\u00e9 unique<br \/><strong>Head office<\/strong> 42 RUE DE MAUBEUGE , 75009 PARIS France<br \/><strong>Company No :<\/strong>\u00a050019680300034<br \/><strong>RCS :<\/strong>\u00a0Paris B 500 196 803<\/p><h3>Site editor :<\/h3><p><strong>Nom :<\/strong> Bruno Sangl\u00e9 Ferri\u00e8re<\/p><h3>Site creation  :<\/h3><p><strong>Nom :<\/strong> Junior ISEP<br \/><strong>Adress :<\/strong>\u00a028 Rue Notre Dame des Champs, 75006 Paris<br \/><strong>Contact :<\/strong>\u00a0<a>accueil@juniorisep.com<\/a><\/p><h3>Host :<\/h3><p><strong>H\u00e9bergeur :<\/strong> LWS (Ligne Web Services)<br \/><strong>Adress :<\/strong> 10 rue Penthi\u00e8vre, 75008 Paris, France<br \/><strong>Contact :<\/strong> 0892 700 479<br \/><strong>Web site :<\/strong> <a href=\"https:\/\/www.lws.fr\">https:\/\/www.lws.fr<\/a><\/p><h3>all rights reserved :<\/h3><p>All content present on this site (texts, images, graphics, logos, videos, etc.) is the exclusive property of Marbeuf Conseil et Recherche or its partners, and is protected by copyright and related laws. to intellectual property. Any reproduction, representation, modification, publication, adaptation of all or part of the elements of the site is prohibited without prior written authorization.<\/p><h3>Data :<\/h3><p>The site may collect personal data in accordance with current regulations, in particular the General Data Protection Regulation (GDPR).<\/p><p>\u00a0<\/p><h3>Limited liability<\/h3><p>Marbeuf Conseil et Recherche cannot be held responsible for direct or indirect damage caused to the user\u2019s equipment when accessing the site. Marbeuf Conseil et Recherche also declines all responsibility for the use of the information contained on this site.<\/p><h3>Contact<\/h3><p>For any questions or requests regarding legal notices, please contact us :<br \/><strong>email :<\/strong>\u00a0<a>info@m-cr.fr<\/a><\/p>\t\t\t\t\t\t\t\t<\/div>\n\t\t\t\t<\/div>\n\t\t\t\t\t<\/div>\n\t\t\t\t<\/div>\n\t\t\t\t<\/div>","protected":false},"excerpt":{"rendered":"<p>Mentions L\u00e9gales Informations G\u00e9n\u00e9rales Nom de la soci\u00e9t\u00e9 : Marbeuf Conseil et RechercheForme juridique :\u00a0SASU Soci\u00e9t\u00e9 par actions simplifi\u00e9e \u00e0 associ\u00e9 uniqueSi\u00e8ge social : 42 RUE DE MAUBEUGE , 75009 PARIS FranceNum\u00e9ro SIRET :\u00a050019680300034RCS :\u00a0Paris B 500 196 803 \u00c9diteur du Site Nom : Bruno Sangl\u00e9 Ferri\u00e8re Cr\u00e9ateur du Site Nom : Junior ISEPAdresse :\u00a028 [&hellip;]<\/p>","protected":false},"author":1,"featured_media":0,"parent":0,"menu_order":0,"comment_status":"closed","ping_status":"closed","template":"","meta":{"footnotes":""},"class_list":["post-630","page","type-page","status-publish","hentry"],"_links":{"self":[{"href":"https:\/\/m-cr.fr\/en\/wp-json\/wp\/v2\/pages\/630","targetHints":{"allow":["GET"]}}],"collection":[{"href":"https:\/\/m-cr.fr\/en\/wp-json\/wp\/v2\/pages"}],"about":[{"href":"https:\/\/m-cr.fr\/en\/wp-json\/wp\/v2\/types\/page"}],"author":[{"embeddable":true,"href":"https:\/\/m-cr.fr\/en\/wp-json\/wp\/v2\/users\/1"}],"replies":[{"embeddable":true,"href":"https:\/\/m-cr.fr\/en\/wp-json\/wp\/v2\/comments?post=630"}],"version-history":[{"count":7,"href":"https:\/\/m-cr.fr\/en\/wp-json\/wp\/v2\/pages\/630\/revisions"}],"predecessor-version":[{"id":695,"href":"https:\/\/m-cr.fr\/en\/wp-json\/wp\/v2\/pages\/630\/revisions\/695"}],"wp:attachment":[{"href":"https:\/\/m-cr.fr\/en\/wp-json\/wp\/v2\/media?parent=630"}],"curies":[{"name":"wp","href":"https:\/\/api.w.org\/{rel}","templated":true}]}}