{"id":594,"date":"2025-01-12T00:42:39","date_gmt":"2025-01-11T23:42:39","guid":{"rendered":"https:\/\/m-cr.fr\/?page_id=594"},"modified":"2025-01-17T05:46:51","modified_gmt":"2025-01-17T04:46:51","slug":"thermo-electrique-chaude","status":"publish","type":"page","link":"https:\/\/m-cr.fr\/en\/thermo-electrique-chaude\/","title":{"rendered":"High temperature thermo-electricity"},"content":{"rendered":"<div data-elementor-type=\"wp-page\" data-elementor-id=\"594\" class=\"elementor elementor-594\" data-elementor-settings=\"{&quot;element_pack_global_tooltip_width&quot;:{&quot;unit&quot;:&quot;px&quot;,&quot;size&quot;:&quot;&quot;,&quot;sizes&quot;:[]},&quot;element_pack_global_tooltip_width_tablet&quot;:{&quot;unit&quot;:&quot;px&quot;,&quot;size&quot;:&quot;&quot;,&quot;sizes&quot;:[]},&quot;element_pack_global_tooltip_width_mobile&quot;:{&quot;unit&quot;:&quot;px&quot;,&quot;size&quot;:&quot;&quot;,&quot;sizes&quot;:[]},&quot;element_pack_global_tooltip_padding&quot;:{&quot;unit&quot;:&quot;px&quot;,&quot;top&quot;:&quot;&quot;,&quot;right&quot;:&quot;&quot;,&quot;bottom&quot;:&quot;&quot;,&quot;left&quot;:&quot;&quot;,&quot;isLinked&quot;:true},&quot;element_pack_global_tooltip_padding_tablet&quot;:{&quot;unit&quot;:&quot;px&quot;,&quot;top&quot;:&quot;&quot;,&quot;right&quot;:&quot;&quot;,&quot;bottom&quot;:&quot;&quot;,&quot;left&quot;:&quot;&quot;,&quot;isLinked&quot;:true},&quot;element_pack_global_tooltip_padding_mobile&quot;:{&quot;unit&quot;:&quot;px&quot;,&quot;top&quot;:&quot;&quot;,&quot;right&quot;:&quot;&quot;,&quot;bottom&quot;:&quot;&quot;,&quot;left&quot;:&quot;&quot;,&quot;isLinked&quot;:true},&quot;element_pack_global_tooltip_border_radius&quot;:{&quot;unit&quot;:&quot;px&quot;,&quot;top&quot;:&quot;&quot;,&quot;right&quot;:&quot;&quot;,&quot;bottom&quot;:&quot;&quot;,&quot;left&quot;:&quot;&quot;,&quot;isLinked&quot;:true},&quot;element_pack_global_tooltip_border_radius_tablet&quot;:{&quot;unit&quot;:&quot;px&quot;,&quot;top&quot;:&quot;&quot;,&quot;right&quot;:&quot;&quot;,&quot;bottom&quot;:&quot;&quot;,&quot;left&quot;:&quot;&quot;,&quot;isLinked&quot;:true},&quot;element_pack_global_tooltip_border_radius_mobile&quot;:{&quot;unit&quot;:&quot;px&quot;,&quot;top&quot;:&quot;&quot;,&quot;right&quot;:&quot;&quot;,&quot;bottom&quot;:&quot;&quot;,&quot;left&quot;:&quot;&quot;,&quot;isLinked&quot;:true}}\" data-elementor-post-type=\"page\">\n\t\t\t\t<div class=\"elementor-element elementor-element-3d603d7 e-flex e-con-boxed e-con e-parent\" data-id=\"3d603d7\" data-element_type=\"container\">\n\t\t\t\t\t<div class=\"e-con-inner\">\n\t\t\t\t<div class=\"elementor-element elementor-element-7e8acd4 elementor-absolute elementor-widget elementor-widget-image\" data-id=\"7e8acd4\" data-element_type=\"widget\" data-settings=\"{&quot;_position&quot;:&quot;absolute&quot;}\" data-widget_type=\"image.default\">\n\t\t\t\t<div class=\"elementor-widget-container\">\n\t\t\t\t\t\t\t\t\t\t\t\t\t\t\t<img fetchpriority=\"high\" decoding=\"async\" width=\"1512\" height=\"1779\" src=\"https:\/\/m-cr.fr\/wp-content\/uploads\/2025\/01\/Fond.png\" class=\"attachment-full size-full wp-image-526\" alt=\"\" srcset=\"https:\/\/m-cr.fr\/wp-content\/uploads\/2025\/01\/Fond.png 1512w, https:\/\/m-cr.fr\/wp-content\/uploads\/2025\/01\/Fond-255x300.png 255w, https:\/\/m-cr.fr\/wp-content\/uploads\/2025\/01\/Fond-870x1024.png 870w, https:\/\/m-cr.fr\/wp-content\/uploads\/2025\/01\/Fond-768x904.png 768w, https:\/\/m-cr.fr\/wp-content\/uploads\/2025\/01\/Fond-1305x1536.png 1305w, https:\/\/m-cr.fr\/wp-content\/uploads\/2025\/01\/Fond-10x12.png 10w\" sizes=\"(max-width: 1512px) 100vw, 1512px\" \/>\t\t\t\t\t\t\t\t\t\t\t\t\t\t\t<\/div>\n\t\t\t\t<\/div>\n\t\t\t\t\t<\/div>\n\t\t\t\t<\/div>\n\t\t<div class=\"elementor-element elementor-element-71c4d6c e-flex e-con-boxed e-con e-parent\" data-id=\"71c4d6c\" data-element_type=\"container\">\n\t\t\t\t\t<div class=\"e-con-inner\">\n\t\t\t\t<div class=\"elementor-element elementor-element-c785859 elementor-widget elementor-widget-heading\" data-id=\"c785859\" data-element_type=\"widget\" data-widget_type=\"heading.default\">\n\t\t\t\t<div class=\"elementor-widget-container\">\n\t\t\t\t\t<h2 class=\"elementor-heading-title elementor-size-default\">High temperature thermo-electricity<\/h2>\t\t\t\t<\/div>\n\t\t\t\t<\/div>\n\t\t\t\t\t<\/div>\n\t\t\t\t<\/div>\n\t\t<div class=\"elementor-element elementor-element-c3cffc1 e-flex e-con-boxed e-con e-parent\" data-id=\"c3cffc1\" data-element_type=\"container\">\n\t\t\t\t\t<div class=\"e-con-inner\">\n\t\t<div class=\"elementor-element elementor-element-7fd53fd e-con-full e-flex e-con e-child\" data-id=\"7fd53fd\" data-element_type=\"container\">\n\t\t<div class=\"elementor-element elementor-element-e7e4a46 e-con-full e-flex e-con e-child\" data-id=\"e7e4a46\" data-element_type=\"container\" data-settings=\"{&quot;background_background&quot;:&quot;classic&quot;}\">\n\t\t\t\t<div class=\"elementor-element elementor-element-75ddb6e elementor-widget elementor-widget-spacer\" data-id=\"75ddb6e\" data-element_type=\"widget\" data-widget_type=\"spacer.default\">\n\t\t\t\t<div class=\"elementor-widget-container\">\n\t\t\t\t\t\t\t<div class=\"elementor-spacer\">\n\t\t\t<div class=\"elementor-spacer-inner\"><\/div>\n\t\t<\/div>\n\t\t\t\t\t\t<\/div>\n\t\t\t\t<\/div>\n\t\t\t\t<\/div>\n\t\t<div class=\"elementor-element elementor-element-3777639 e-con-full box e-flex e-con e-child\" data-id=\"3777639\" data-element_type=\"container\">\n\t\t\t\t<div class=\"elementor-element elementor-element-5ca6a6b elementor-widget elementor-widget-text-editor\" data-id=\"5ca6a6b\" data-element_type=\"widget\" data-widget_type=\"text-editor.default\">\n\t\t\t\t<div class=\"elementor-widget-container\">\n\t\t\t\t\t\t\t\t\t<span style=\"color: white;\">Patent<\/span> <span style=\"color: #327ac5;\">FR3128064A1<\/span>\t\t\t\t\t\t\t\t<\/div>\n\t\t\t\t<\/div>\n\t\t\t\t<\/div>\n\t\t\t\t<\/div>\n\t\t<div class=\"elementor-element elementor-element-439a890 e-con-full e-flex e-con e-child\" data-id=\"439a890\" data-element_type=\"container\">\n\t\t<div class=\"elementor-element elementor-element-324cec2 e-con-full box e-flex e-con e-child\" data-id=\"324cec2\" data-element_type=\"container\">\n\t\t\t\t<div class=\"elementor-element elementor-element-b660482 elementor-widget elementor-widget-heading\" data-id=\"b660482\" data-element_type=\"widget\" data-widget_type=\"heading.default\">\n\t\t\t\t<div class=\"elementor-widget-container\">\n\t\t\t\t\t<h2 class=\"elementor-heading-title elementor-size-default\">What is it ?<\/h2>\t\t\t\t<\/div>\n\t\t\t\t<\/div>\n\t\t\t\t<div class=\"elementor-element elementor-element-4a1ba9e elementor-widget elementor-widget-text-editor\" data-id=\"4a1ba9e\" data-element_type=\"widget\" data-widget_type=\"text-editor.default\">\n\t\t\t\t<div class=\"elementor-widget-container\">\n\t\t\t\t\t\t\t\t\t<p>A total conversion of high temperature heat into electricity.<\/p>\t\t\t\t\t\t\t\t<\/div>\n\t\t\t\t<\/div>\n\t\t\t\t<\/div>\n\t\t<div class=\"elementor-element elementor-element-c17394d e-con-full box e-flex e-con e-child\" data-id=\"c17394d\" data-element_type=\"container\">\n\t\t\t\t<div class=\"elementor-element elementor-element-4e9a4e0 elementor-widget elementor-widget-heading\" data-id=\"4e9a4e0\" data-element_type=\"widget\" data-widget_type=\"heading.default\">\n\t\t\t\t<div class=\"elementor-widget-container\">\n\t\t\t\t\t<h2 class=\"elementor-heading-title elementor-size-default\">How does it work ?<\/h2>\t\t\t\t<\/div>\n\t\t\t\t<\/div>\n\t\t\t\t<div class=\"elementor-element elementor-element-e1ca3af elementor-widget elementor-widget-text-editor\" data-id=\"e1ca3af\" data-element_type=\"widget\" data-widget_type=\"text-editor.default\">\n\t\t\t\t<div class=\"elementor-widget-container\">\n\t\t\t\t\t\t\t\t\t<p>A high temperature heat pump is used to regenerate fuel from metal oxides which is then converted to electricity in a SOFC cell.<\/p>\t\t\t\t\t\t\t\t<\/div>\n\t\t\t\t<\/div>\n\t\t\t\t<\/div>\n\t\t\t\t<\/div>\n\t\t\t\t\t<\/div>\n\t\t\t\t<\/div>\n\t\t\t\t<\/div>","protected":false},"excerpt":{"rendered":"<p>Thermo-\u00e9l\u00e9ctrique chaude Brevet FR3128064A1 En quoi \u00e7a consiste ? Une conversion totale de la chaleur \u00e0 haute temp\u00e9rature en \u00e9lectricit\u00e9. Comment \u00e7a fonctionne Une chaleur \u00e0 haute temp\u00e9rature est utilis\u00e9e pour r\u00e9g\u00e9n\u00e9rer du carburant \u00e0 partir d&rsquo;oxydes m\u00e9talliques qui est ensuite converti en \u00e9lectricit\u00e9 dans une pile SOFC.<\/p>","protected":false},"author":1,"featured_media":0,"parent":0,"menu_order":0,"comment_status":"closed","ping_status":"closed","template":"","meta":{"footnotes":""},"class_list":["post-594","page","type-page","status-publish","hentry"],"_links":{"self":[{"href":"https:\/\/m-cr.fr\/en\/wp-json\/wp\/v2\/pages\/594","targetHints":{"allow":["GET"]}}],"collection":[{"href":"https:\/\/m-cr.fr\/en\/wp-json\/wp\/v2\/pages"}],"about":[{"href":"https:\/\/m-cr.fr\/en\/wp-json\/wp\/v2\/types\/page"}],"author":[{"embeddable":true,"href":"https:\/\/m-cr.fr\/en\/wp-json\/wp\/v2\/users\/1"}],"replies":[{"embeddable":true,"href":"https:\/\/m-cr.fr\/en\/wp-json\/wp\/v2\/comments?post=594"}],"version-history":[{"count":22,"href":"https:\/\/m-cr.fr\/en\/wp-json\/wp\/v2\/pages\/594\/revisions"}],"predecessor-version":[{"id":689,"href":"https:\/\/m-cr.fr\/en\/wp-json\/wp\/v2\/pages\/594\/revisions\/689"}],"wp:attachment":[{"href":"https:\/\/m-cr.fr\/en\/wp-json\/wp\/v2\/media?parent=594"}],"curies":[{"name":"wp","href":"https:\/\/api.w.org\/{rel}","templated":true}]}}