{"id":524,"date":"2025-01-07T01:01:31","date_gmt":"2025-01-07T00:01:31","guid":{"rendered":"https:\/\/m-cr.fr\/?page_id=524"},"modified":"2025-02-04T20:03:09","modified_gmt":"2025-02-04T19:03:09","slug":"thermogeneration-froide","status":"publish","type":"page","link":"https:\/\/m-cr.fr\/en\/thermogeneration-froide\/","title":{"rendered":"Low temperature thermo-electricity"},"content":{"rendered":"<div data-elementor-type=\"wp-page\" data-elementor-id=\"524\" class=\"elementor elementor-524\" data-elementor-settings=\"{&quot;element_pack_global_tooltip_width&quot;:{&quot;unit&quot;:&quot;px&quot;,&quot;size&quot;:&quot;&quot;,&quot;sizes&quot;:[]},&quot;element_pack_global_tooltip_width_tablet&quot;:{&quot;unit&quot;:&quot;px&quot;,&quot;size&quot;:&quot;&quot;,&quot;sizes&quot;:[]},&quot;element_pack_global_tooltip_width_mobile&quot;:{&quot;unit&quot;:&quot;px&quot;,&quot;size&quot;:&quot;&quot;,&quot;sizes&quot;:[]},&quot;element_pack_global_tooltip_padding&quot;:{&quot;unit&quot;:&quot;px&quot;,&quot;top&quot;:&quot;&quot;,&quot;right&quot;:&quot;&quot;,&quot;bottom&quot;:&quot;&quot;,&quot;left&quot;:&quot;&quot;,&quot;isLinked&quot;:true},&quot;element_pack_global_tooltip_padding_tablet&quot;:{&quot;unit&quot;:&quot;px&quot;,&quot;top&quot;:&quot;&quot;,&quot;right&quot;:&quot;&quot;,&quot;bottom&quot;:&quot;&quot;,&quot;left&quot;:&quot;&quot;,&quot;isLinked&quot;:true},&quot;element_pack_global_tooltip_padding_mobile&quot;:{&quot;unit&quot;:&quot;px&quot;,&quot;top&quot;:&quot;&quot;,&quot;right&quot;:&quot;&quot;,&quot;bottom&quot;:&quot;&quot;,&quot;left&quot;:&quot;&quot;,&quot;isLinked&quot;:true},&quot;element_pack_global_tooltip_border_radius&quot;:{&quot;unit&quot;:&quot;px&quot;,&quot;top&quot;:&quot;&quot;,&quot;right&quot;:&quot;&quot;,&quot;bottom&quot;:&quot;&quot;,&quot;left&quot;:&quot;&quot;,&quot;isLinked&quot;:true},&quot;element_pack_global_tooltip_border_radius_tablet&quot;:{&quot;unit&quot;:&quot;px&quot;,&quot;top&quot;:&quot;&quot;,&quot;right&quot;:&quot;&quot;,&quot;bottom&quot;:&quot;&quot;,&quot;left&quot;:&quot;&quot;,&quot;isLinked&quot;:true},&quot;element_pack_global_tooltip_border_radius_mobile&quot;:{&quot;unit&quot;:&quot;px&quot;,&quot;top&quot;:&quot;&quot;,&quot;right&quot;:&quot;&quot;,&quot;bottom&quot;:&quot;&quot;,&quot;left&quot;:&quot;&quot;,&quot;isLinked&quot;:true}}\" data-elementor-post-type=\"page\">\n\t\t\t\t<div class=\"elementor-element elementor-element-3d603d7 e-flex e-con-boxed e-con e-parent\" data-id=\"3d603d7\" data-element_type=\"container\">\n\t\t\t\t\t<div class=\"e-con-inner\">\n\t\t\t\t<div class=\"elementor-element elementor-element-7e8acd4 elementor-absolute elementor-widget elementor-widget-image\" data-id=\"7e8acd4\" data-element_type=\"widget\" data-settings=\"{&quot;_position&quot;:&quot;absolute&quot;}\" data-widget_type=\"image.default\">\n\t\t\t\t<div class=\"elementor-widget-container\">\n\t\t\t\t\t\t\t\t\t\t\t\t\t\t\t<img fetchpriority=\"high\" decoding=\"async\" width=\"1512\" height=\"1779\" src=\"https:\/\/m-cr.fr\/wp-content\/uploads\/2025\/01\/Fond.png\" class=\"attachment-full size-full wp-image-526\" alt=\"\" srcset=\"https:\/\/m-cr.fr\/wp-content\/uploads\/2025\/01\/Fond.png 1512w, https:\/\/m-cr.fr\/wp-content\/uploads\/2025\/01\/Fond-255x300.png 255w, https:\/\/m-cr.fr\/wp-content\/uploads\/2025\/01\/Fond-870x1024.png 870w, https:\/\/m-cr.fr\/wp-content\/uploads\/2025\/01\/Fond-768x904.png 768w, https:\/\/m-cr.fr\/wp-content\/uploads\/2025\/01\/Fond-1305x1536.png 1305w, https:\/\/m-cr.fr\/wp-content\/uploads\/2025\/01\/Fond-10x12.png 10w\" sizes=\"(max-width: 1512px) 100vw, 1512px\" \/>\t\t\t\t\t\t\t\t\t\t\t\t\t\t\t<\/div>\n\t\t\t\t<\/div>\n\t\t\t\t\t<\/div>\n\t\t\t\t<\/div>\n\t\t<div class=\"elementor-element elementor-element-71c4d6c e-flex e-con-boxed e-con e-parent\" data-id=\"71c4d6c\" data-element_type=\"container\">\n\t\t\t\t\t<div class=\"e-con-inner\">\n\t\t\t\t<div class=\"elementor-element elementor-element-c785859 elementor-widget elementor-widget-heading\" data-id=\"c785859\" data-element_type=\"widget\" data-widget_type=\"heading.default\">\n\t\t\t\t<div class=\"elementor-widget-container\">\n\t\t\t\t\t<h2 class=\"elementor-heading-title elementor-size-default\">Low temperature thermo-electricity<\/h2>\t\t\t\t<\/div>\n\t\t\t\t<\/div>\n\t\t\t\t\t<\/div>\n\t\t\t\t<\/div>\n\t\t<div class=\"elementor-element elementor-element-c3cffc1 e-flex e-con-boxed e-con e-parent\" data-id=\"c3cffc1\" data-element_type=\"container\">\n\t\t\t\t\t<div class=\"e-con-inner\">\n\t\t<div class=\"elementor-element elementor-element-7fd53fd e-con-full e-flex e-con e-child\" data-id=\"7fd53fd\" data-element_type=\"container\">\n\t\t<div class=\"elementor-element elementor-element-e7e4a46 e-con-full e-flex e-con e-child\" data-id=\"e7e4a46\" data-element_type=\"container\" data-settings=\"{&quot;background_background&quot;:&quot;classic&quot;}\">\n\t\t\t\t<div class=\"elementor-element elementor-element-75ddb6e elementor-widget elementor-widget-spacer\" data-id=\"75ddb6e\" data-element_type=\"widget\" data-widget_type=\"spacer.default\">\n\t\t\t\t<div class=\"elementor-widget-container\">\n\t\t\t\t\t\t\t<div class=\"elementor-spacer\">\n\t\t\t<div class=\"elementor-spacer-inner\"><\/div>\n\t\t<\/div>\n\t\t\t\t\t\t<\/div>\n\t\t\t\t<\/div>\n\t\t\t\t<\/div>\n\t\t<div class=\"elementor-element elementor-element-3777639 e-con-full box e-flex e-con e-child\" data-id=\"3777639\" data-element_type=\"container\">\n\t\t\t\t<div class=\"elementor-element elementor-element-5ca6a6b elementor-widget elementor-widget-text-editor\" data-id=\"5ca6a6b\" data-element_type=\"widget\" data-widget_type=\"text-editor.default\">\n\t\t\t\t<div class=\"elementor-widget-container\">\n\t\t\t\t\t\t\t\t\t<p><span style=\"color: white;\">Patent<\/span> <span style=\"color: #327ac5;\">FR2311050<\/span><\/p>\t\t\t\t\t\t\t\t<\/div>\n\t\t\t\t<\/div>\n\t\t\t\t<\/div>\n\t\t\t\t<\/div>\n\t\t<div class=\"elementor-element elementor-element-439a890 e-con-full e-flex e-con e-child\" data-id=\"439a890\" data-element_type=\"container\">\n\t\t<div class=\"elementor-element elementor-element-324cec2 e-con-full box e-flex e-con e-child\" data-id=\"324cec2\" data-element_type=\"container\">\n\t\t\t\t<div class=\"elementor-element elementor-element-b660482 elementor-widget elementor-widget-heading\" data-id=\"b660482\" data-element_type=\"widget\" data-widget_type=\"heading.default\">\n\t\t\t\t<div class=\"elementor-widget-container\">\n\t\t\t\t\t<h2 class=\"elementor-heading-title elementor-size-default\">What is it ?<\/h2>\t\t\t\t<\/div>\n\t\t\t\t<\/div>\n\t\t\t\t<div class=\"elementor-element elementor-element-4a1ba9e elementor-widget elementor-widget-text-editor\" data-id=\"4a1ba9e\" data-element_type=\"widget\" data-widget_type=\"text-editor.default\">\n\t\t\t\t<div class=\"elementor-widget-container\">\n\t\t\t\t\t\t\t\t\tElectricity is generated from a cold heat source.\t\t\t\t\t\t\t\t<\/div>\n\t\t\t\t<\/div>\n\t\t\t\t<\/div>\n\t\t<div class=\"elementor-element elementor-element-c17394d e-con-full box e-flex e-con e-child\" data-id=\"c17394d\" data-element_type=\"container\">\n\t\t\t\t<div class=\"elementor-element elementor-element-4e9a4e0 elementor-widget elementor-widget-heading\" data-id=\"4e9a4e0\" data-element_type=\"widget\" data-widget_type=\"heading.default\">\n\t\t\t\t<div class=\"elementor-widget-container\">\n\t\t\t\t\t<h2 class=\"elementor-heading-title elementor-size-default\">How does it work ?<\/h2>\t\t\t\t<\/div>\n\t\t\t\t<\/div>\n\t\t\t\t<div class=\"elementor-element elementor-element-e1ca3af elementor-widget elementor-widget-text-editor\" data-id=\"e1ca3af\" data-element_type=\"widget\" data-widget_type=\"text-editor.default\">\n\t\t\t\t<div class=\"elementor-widget-container\">\n\t\t\t\t\t\t\t\t\t<p>A high temperature heat pump creates heat to create hydrogen through endothermic reactions such as those of the iodine-sulfur cycle. Hydrogen is then converted to power with a  fuel cell which itself is partly used to power the heat pump.<\/p>\t\t\t\t\t\t\t\t<\/div>\n\t\t\t\t<\/div>\n\t\t\t\t<\/div>\n\t\t\t\t<\/div>\n\t\t\t\t\t<\/div>\n\t\t\t\t<\/div>\n\t\t\t\t<\/div>","protected":false},"excerpt":{"rendered":"<p>Thermog\u00e9n\u00e9ration froide Brevet FR2311050 En quoi \u00e7a consiste ? De l&rsquo;\u00e9lectricit\u00e9 est g\u00e9n\u00e9r\u00e9e \u00e0 partir d&rsquo;une source de chaleur froide. Comment \u00e7a fonctionne Une pompe \u00e0 chaleur haute temp\u00e9rature cr\u00e9e une chaleur permettant de cr\u00e9er de l&rsquo;hydrog\u00e8ne par des r\u00e9actions endothermiques telles que celles du cycle iode-souffre. De l&rsquo;hydrog\u00e8ne est ainsi g\u00e9n\u00e9r\u00e9 pour alimenter une [&hellip;]<\/p>","protected":false},"author":1,"featured_media":0,"parent":0,"menu_order":0,"comment_status":"closed","ping_status":"closed","template":"","meta":{"footnotes":""},"class_list":["post-524","page","type-page","status-publish","hentry"],"_links":{"self":[{"href":"https:\/\/m-cr.fr\/en\/wp-json\/wp\/v2\/pages\/524","targetHints":{"allow":["GET"]}}],"collection":[{"href":"https:\/\/m-cr.fr\/en\/wp-json\/wp\/v2\/pages"}],"about":[{"href":"https:\/\/m-cr.fr\/en\/wp-json\/wp\/v2\/types\/page"}],"author":[{"embeddable":true,"href":"https:\/\/m-cr.fr\/en\/wp-json\/wp\/v2\/users\/1"}],"replies":[{"embeddable":true,"href":"https:\/\/m-cr.fr\/en\/wp-json\/wp\/v2\/comments?post=524"}],"version-history":[{"count":49,"href":"https:\/\/m-cr.fr\/en\/wp-json\/wp\/v2\/pages\/524\/revisions"}],"predecessor-version":[{"id":720,"href":"https:\/\/m-cr.fr\/en\/wp-json\/wp\/v2\/pages\/524\/revisions\/720"}],"wp:attachment":[{"href":"https:\/\/m-cr.fr\/en\/wp-json\/wp\/v2\/media?parent=524"}],"curies":[{"name":"wp","href":"https:\/\/api.w.org\/{rel}","templated":true}]}}